{"id":22,"date":"2008-04-13T15:01:14","date_gmt":"2008-04-13T13:01:14","guid":{"rendered":"http:\/\/www.ilug.uni-halle.de\/?page_id=22"},"modified":"2024-12-08T12:31:44","modified_gmt":"2024-12-08T10:31:44","slug":"das-ilug-team","status":"publish","type":"page","link":"https:\/\/ilug.uni-halle.de\/en\/institut\/das-ilug-team\/","title":{"rendered":"Das ILUG Team"},"content":{"rendered":"<p><\/p>\n<h1><\/h1>\n<div class=\"team_container\">\n<div class=\"image\"><img loading=\"lazy\" style=\"border: 1px solid black\" src=\"http:\/\/www.ilug.uni-halle.de\/wp-content\/uploads\/2008\/04\/hottenrott.jpg\" alt=\"\" width=\"120\" height=\"159\" border=\"1\" \/><\/div>\n<div class=\"description\">\n<p><strong>Prof. Dr. Kuno Hottenrott <a name=\"hottenrott\"><\/a><\/strong><br \/>\n<strong>Institutsdirektor<\/strong><br \/>\nProfessor f\u00fcr Trainingswissenschaft an der Martin-Luther-Universit\u00e4t Halle-Wittenberg<br \/>\nLeiter des Arbeitsbereichs: Trainingswissenschaft &amp; Sportmedizin am Dept. Sportwissenschaft<\/p>\n<div class=\"responsibilities\">\n<p><strong><em>Aufgabenfelder<\/em><\/strong><\/p>\n<ul>\n<li>Leistungsdiagnostik<\/li>\n<li>Trainingssteuerung &amp; Ern\u00e4hrungsberatung<\/li>\n<li>Forschung<\/li>\n<li>Fortbildung<\/li>\n<li>Gesundheitscoaching<\/li>\n<\/ul>\n<\/div>\n<div class=\"contact\">\n<p><strong><em>Kontakt<\/em><\/strong><\/p>\n<p>Tel.: 0345\/ 55 244 33<br \/>\n<a href=\"mailto:kuno.hottenrott@sport.uni-halle.de\">kuno.hottenrott@sport.uni-halle.de<\/a><br \/>\n<a href=\"http:\/\/www.hottenrott.info\" target=\"_blank\" rel=\"noopener noreferrer\">&gt; zur Homepage<\/a><\/p>\n<\/div>\n<\/div>\n<\/div>\n<div class=\"team_container\">\n<div class=\"image\"><img class=\" size-full wp-image-2147 alignleft\" src=\"https:\/\/blogs.urz.uni-halle.de\/ilug\/files\/2008\/04\/Oliver-Stoll.jpg\" alt=\"Oliver Stoll\" width=\"120\" \/><\/div>\n<div class=\"description\">\n<p><strong>Prof. Dr. Oliver Stoll <a name=\"stoll\"><\/a><\/strong><\/p>\n<p><strong>stellv. Institutsdirektor<\/strong><br \/>\nProfessor f\u00fcr Sportpsychologie &amp; Sportp\u00e4dagogik an der Martin-Luther-Universit\u00e4t Halle-Wittenberg<\/p>\n<div class=\"responsibilities\">\n<p><strong><em>Aufgabenfelder<\/em><\/strong><\/p>\n<ul>\n<li>Betriebliche Gesundheitsf\u00f6rderung<\/li>\n<li>Sportsychologische Beratung<\/li>\n<li>Mentales Coaching<\/li>\n<li>Forschung<\/li>\n<\/ul>\n<\/div>\n<div class=\"contact\">\n<p><strong><em>Kontakt<\/em><\/strong><\/p>\n<p>Tel.: 0345\/ 55 244 40<br \/>\n<a href=\"mailto:oliver.stoll@sport.uni-halle.de\">oliver.stoll@sport.uni-halle.de<\/a><br \/>\n<a href=\"http:\/\/home.eplus-online.de\/oliverstoll\/\" target=\"_blank\" rel=\"noopener noreferrer\"><em>&gt; zur Homepage<\/em><\/a><\/p>\n<\/div>\n<\/div>\n<\/div>\n<div class=\"team_container\">\n<div class=\"image\"><a href=\"https:\/\/blogs.urz.uni-halle.de\/ilug\/files\/2008\/04\/neumann_georg.jpg\"><img loading=\"lazy\" class=\"alignnone size-full wp-image-15\" src=\"https:\/\/blogs.urz.uni-halle.de\/ilug\/files\/2008\/04\/neumann_georg.jpg\" alt=\"neumann_georg\" width=\"120\" height=\"172\" \/><\/a><\/div>\n<div class=\"description\">\n<p><strong>Prof. Dr. med. Georg Neumann <a name=\"neumann\"><\/a><\/strong><br \/>\nFacharzt f\u00fcr Sportmedizin, Leistungs- und Ern\u00e4hrungsphysiologe<\/p>\n<div class=\"responsibilities\">\n<p><strong><em>Aufgabenfelder<\/em><\/strong><\/p>\n<ul>\n<li>Betreuung von Forschungsprojekten<\/li>\n<li>Komplexe Leistungsdiagnostik, Sportern\u00e4hrung<\/li>\n<li>Fort- und Weiterbildung<\/li>\n<\/ul>\n<\/div>\n<div class=\"contact\">\n<p><strong><em>Kontakt<\/em><\/strong><\/p>\n<p><a href=\"mailto:neumann.leipzig@t-online.de\"> neumann.leipzig@t-online.de<\/a><\/p>\n<\/div>\n<\/div>\n<\/div>\n<div class=\"team_container\">\n<div class=\"image\"><\/div>\n<div class=\"description\">\n<p><strong>Dr. med. Peter-Hendrik Herrmann <a name=\"herrmann\"><\/a><\/strong><br \/>\nFacharzt f\u00fcr Allgemeinmedizin; Sportmedizin, Chirotherapie<\/p>\n<div class=\"responsibilities\">\n<p><strong><em>Aufgabenfelder<\/em><\/strong><\/p>\n<ul>\n<li>Sport\u00e4rztliche Untersuchung<\/li>\n<li>Sport\u00e4rztliche Beratung<\/li>\n<li>Fortbildung<\/li>\n<\/ul>\n<\/div>\n<div class=\"contact\">\n<p><strong><em>Kontakt<\/em><\/strong><\/p>\n<p>Tel.: 0349\/ 24 203 89<br \/>\n<a href=\"mailto:praxis@sportarzt-herrmann.de\">praxis@sportarzt-herrmann.de<\/a><\/p>\n<\/div>\n<\/div>\n<\/div>\n<div class=\"team_container\">\n<div class=\"image\"><a href=\"https:\/\/blogs.urz.uni-halle.de\/ilug\/files\/2014\/10\/Foto_Stephan.jpg\"><img loading=\"lazy\" class=\"alignnone wp-image-1535\" src=\"https:\/\/blogs.urz.uni-halle.de\/ilug\/files\/2014\/10\/Foto_Stephan-190x300.jpg\" alt=\"Foto_Stephan\" width=\"106\" height=\"168\" \/><\/a><\/div>\n<div class=\"description\">\n<p><strong>Stephan Schulze <a name=\"schulze\"><\/a><\/strong><br \/>\nDiplomsportlehrer, Studium der Sportwissenschaft in Halle mit dem Schwerpunkt: Allgemein-, Breiten- und Wettkampfsport; Leistungssportart: Schwimmen<\/p>\n<div class=\"responsibilities\">\n<p><strong><em>Aufgabenfelder<\/em><\/strong><\/p>\n<ul>\n<li>Leistungsdiagnostik, Trainingssteuerung<\/li>\n<li>Forschung: Adapatation bei Ausdauerbelastungen unter Normoxie und Hypoxie<\/li>\n<li>Fortbildung: Laktatleistungsdiagnostik, Spiroergometrie, Nordic Walking<\/li>\n<\/ul>\n<\/div>\n<div class=\"contact\">\n<p><strong><em>Kontakt<\/em><\/strong><\/p>\n<p>Tel.: 0345\/ 55 244 35<br \/>\nMobil: 0176\/ 20 7877 20<br \/>\n<a href=\"mailto:stephan.schulze@sport.uni-halle.de\">stephan.schulze@sport.uni-halle.de<\/a><\/p>\n<\/div>\n<\/div>\n<\/div>\n<div class=\"team_container\">\n<div class=\"image\"><a href=\"https:\/\/blogs.urz.uni-halle.de\/ilug\/files\/2008\/04\/kraus.jpg\"><img loading=\"lazy\" class=\"alignnone size-full wp-image-18\" src=\"https:\/\/blogs.urz.uni-halle.de\/ilug\/files\/2008\/04\/kraus.jpg\" alt=\"kraus\" width=\"120\" height=\"172\" \/><\/a><\/div>\n<div class=\"description\">\n<p><strong>Manon Richter <a name=\"richter\"><\/a><\/strong><br \/>\nDiplom \u00d6kotrophologin, Studium der \u00d6kotrophologie in Bernburg<br \/>\nSchwerpunkt: Ern\u00e4hrung im Sport<\/p>\n<div class=\"responsibilities\">\n<p><strong><em>Aufgabenfelder<\/em><\/strong><\/p>\n<ul>\n<li>Ern\u00e4hrungsberatung f\u00fcr Sportler<\/li>\n<li>Ern\u00e4hrung in Schule und Beruf<\/li>\n<li>Forschung: Optimierung der Errn\u00e4hrung in unterschiedlichen Settings<\/li>\n<\/ul>\n<\/div>\n<div class=\"contact\">\n<p><strong><em>Kontakt<\/em><\/strong><\/p>\n<p>Tel. 0345\/ 55 244 58<br \/>\n<a href=\"mailto:manon.richter@ilug.uni-halle.de\">manon.richter@ilug.uni-halle.de<\/a><\/p>\n<\/div>\n<\/div>\n<\/div>\n<div class=\"team_container\">\n<div class=\"image\"><a href=\"https:\/\/blogs.urz.uni-halle.de\/ilug\/files\/2008\/04\/Marco_Spielau.jpg\"><img loading=\"lazy\" class=\"alignnone wp-image-19\" src=\"https:\/\/blogs.urz.uni-halle.de\/ilug\/files\/2008\/04\/Marco_Spielau-300x256.jpg\" alt=\"Marco_Spielau\" width=\"150\" height=\"128\" srcset=\"https:\/\/ilug.uni-halle.de\/files\/2008\/04\/Marco_Spielau-300x256.jpg 300w, https:\/\/ilug.uni-halle.de\/files\/2008\/04\/Marco_Spielau.jpg 500w\" sizes=\"(max-width: 150px) 100vw, 150px\" \/><\/a><\/div>\n<div class=\"description\">\n<p><strong>Marco Spielau <a name=\"spielau\"><\/a><\/strong><br \/>\nDiplom Ern\u00e4hrungswissenschaftler, Studium der Ern\u00e4hrungswissenschaft in Halle\/ Saale, Hochleistungssport Rudern 1993-2007, Juniorenweltmeister 2000 Doppelvierer, U23 Weltmeister 2004 im Doppelzweier<\/p>\n<div class=\"responsibilities\">\n<p><strong><em>Aufgabenfelder<\/em><\/strong><\/p>\n<ul>\n<li>Ern\u00e4hrungsberatung von Kadersportlern<\/li>\n<li>Forschung in der Sportern\u00e4hrung<\/li>\n<li>Entwicklung von Ern\u00e4hrungsprogrammen<\/li>\n<li>Betriebliche Gesundheitsf\u00f6rderung<\/li>\n<\/ul>\n<\/div>\n<div class=\"contact\">\n<p><strong><em>Kontakt<\/em><\/strong><\/p>\n<p>Tel. 0345\/ 55 244 16<br \/>\n<a href=\"mailto:spielau@ilug.uni-halle.de\">spielau@ilug.uni-halle.de<\/a><\/p>\n<\/div>\n<\/div>\n<\/div>\n<div class=\"team_container\">\n<div class=\"image\"><a href=\"https:\/\/blogs.urz.uni-halle.de\/ilug\/files\/2008\/04\/Foto_Katharina_Mller.jpg\"><img loading=\"lazy\" class=\"alignnone wp-image-21\" src=\"https:\/\/blogs.urz.uni-halle.de\/ilug\/files\/2008\/04\/Foto_Katharina_Mller-219x300.jpg\" alt=\"Foto_Katharina_Mller\" width=\"84\" height=\"115\" \/><\/a><\/div>\n<div class=\"description\">\n<p><strong>Katharina M\u00fcller <a name=\"mueller\"><\/a><\/strong><br \/>\nDiplom-Sportwissenschaftlerin, Studium der Sportwissenschaft in Jena, Master: Sport und Ern\u00e4hrung in Halle\/ Saale<br \/>\nfreie Mitarbeiterin mit dem Schwerpunkt: Ern\u00e4hrung im Sport<\/p>\n<div class=\"responsibilities\">\n<p><strong><em>Aufgabenfelder<\/em><\/strong><\/p>\n<ul>\n<li>Entwicklung von Ern\u00e4hrungsprogrammen<\/li>\n<li>Betreuung von Studien<\/li>\n<li>Ern\u00e4hrungsberatung bei Gesundheitstagen<\/li>\n<\/ul>\n<\/div>\n<div class=\"contact\">\n<p><strong><em>Kontakt<\/em><\/strong><\/p>\n<p>Tel.: 0345\/ 55 244 45<br \/>\n<a href=\"mailto:katharina.mueller@sport.uni-halle.de\">katharina.mueller@sport.uni-halle.de<\/a><\/p>\n<\/div>\n<\/div>\n<\/div>\n<div class=\"team_container\">\n<div class=\"image\"><\/div>\n<div class=\"description\">\n<p><strong><br \/>\nAnne Falk <a name=\"falk\"><\/a><\/strong><br \/>\nM.Sc. Ern\u00e4hrungswissenschaftlerin,Studium der Ern\u00e4hrungswissenschaft in Halle\/ Saale<br \/>\nSchwerpunkt: Ern\u00e4hrung im Sport<\/p>\n<div class=\"responsibilities\">\n<p><strong><em>Aufgabenfelder<\/em><\/strong><\/p>\n<ul>\n<li>Ern\u00e4hrungsberatung<\/li>\n<li>Optimierung der Ern\u00e4hrung im Alltag und Sport<\/li>\n<li>Gesundheitscoaching und Gesundheitsbildung<\/li>\n<\/ul>\n<\/div>\n<div class=\"contact\">\n<p><strong><em>Kontakt<\/em><\/strong><\/p>\n<p>Tel.: 0345\/ 55 244 58<br \/>\n<a href=\"mailto:Anne.Falk@ilug.uni-halle.de\">anne.falk@ilug.uni-halle.de<\/a><\/p>\n<\/div>\n<\/div>\n<\/div>\n<div class=\"team_container\">\n<div class=\"image\"><img loading=\"lazy\" class=\"size-full wp-image-1411\" src=\"https:\/\/blogs.urz.uni-halle.de\/ilug\/files\/2014\/07\/L\u00f6w-e1405681321759.jpg\" alt=\"L\u00f6w\" width=\"135\" height=\"182\" \/><\/div>\n<div class=\"description\"><strong>Dr. Marc-Oliver L\u00f6w <a name=\"l\u00f6w\"><\/a><\/strong><br \/>\nBachelor: Sportwissenschaft (Gesundheit und Management) in Bielefeld,<br \/>\nMaster: Sport und Ern\u00e4hrung sowie Angewandte Sportpsychologie in<br \/>\nHalle\/Saale; Lehrkraft am Department Sportwissenschaft, Arbeitsbereich<br \/>\nSportpsychologie; freier Mitarbeiter mit dem Schwerpunkt:<br \/>\n(sport-)psychologisches Coaching<\/p>\n<div class=\"responsibilities\">\n<p><strong><em>Aufgabenfelder<\/em><\/strong><\/p>\n<ul>\n<li>Kommunikation<\/li>\n<li>Aktivierungs- und Emotionsregulation<\/li>\n<li>Motivationsregulation\/Zielsetzung<\/li>\n<li>Zeitmanagement<\/li>\n<\/ul>\n<\/div>\n<div class=\"contact\">\n<p><strong><em>Kontakt<\/em><\/strong><\/p>\n<p>Tel.: \u00a0\u00a0\u00a0 0345\/5524434<br \/>\nMobil:\u00a0\u00a0 0171\/8387229<br \/>\n<a href=\"mailto:marc-oliver.loew@sport.uni-halle.de\" target=\"_blank\" rel=\"noopener noreferrer\">marc-oliver.loew@sport.uni-halle.de<\/a><\/p>\n<\/div>\n<\/div>\n<\/div>\n<div class=\"team_container\">\n<div class=\"image\"><\/div>\n<p><a href=\"https:\/\/blogs.urz.uni-halle.de\/ilug\/files\/2014\/10\/gronwald.jpg\"><img loading=\"lazy\" class=\" wp-image-1538 alignleft\" src=\"https:\/\/blogs.urz.uni-halle.de\/ilug\/files\/2014\/10\/gronwald-263x300.jpg\" alt=\"gronwald\" width=\"124\" height=\"141\" \/><\/a><\/p>\n<div class=\"description\">\n<p><strong>Dr. Thomas Gronwald<\/strong><br \/>\nWissenschaftlicher Mitarbeiter<\/p>\n<div class=\"responsibilities\"><em><strong>Aufgabenfelder:<\/strong><\/em><\/p>\n<ul>\n<li>Evaluierung von Fitness- und Gesundheitszentren<\/li>\n<li>Gesundheitsmanagement und -coaching &#8211; Ausbildung Pausencoach<\/li>\n<li>Betriebliche Gesundheitsf\u00f6rderung &#8211; Bewegungsf\u00f6rderung &#8211; Ergonomie<\/li>\n<li>Aus- und Weiterbildung f\u00fcr Physiotherapeuten und Sportstudenten<\/li>\n<li>Leistungsdiagnostik und Trainingssteuerung in den Ausdauer- und Spielsportarten<\/li>\n<li>Organisation und Durchf\u00fchrung wissenschaftlicher Projekte und Studien<\/li>\n<li>Referent f\u00fcr wissenschaftliche Vortr\u00e4ge und Pr\u00e4sentationen<\/li>\n<\/ul>\n<\/div>\n<div class=\"contact\"><em><strong>Kontakt<\/strong><\/em>Tel. 0345 5524429<br \/>\n<a href=\"mailto:thomas.gronwald@sport.uni-halle.de\">thomas.gronwald@sport.uni-halle.de<\/a><\/p>\n<\/div>\n<\/div>\n<\/div>\n<p><\/p>\n<\/div>","protected":false},"excerpt":{"rendered":"<p>Prof. Dr. Kuno Hottenrott Institutsdirektor Professor f\u00fcr Trainingswissenschaft an der Martin-Luther-Universit\u00e4t Halle-Wittenberg Leiter des Arbeitsbereichs: Trainingswissenschaft &amp; Sportmedizin am Dept. Sportwissenschaft Aufgabenfelder Leistungsdiagnostik Trainingssteuerung &amp; Ern\u00e4hrungsberatung Forschung Fortbildung Gesundheitscoaching Kontakt Tel.: 0345\/ 55 244 33 kuno.hottenrott@sport.uni-halle.de &gt; zur Homepage Prof. Dr. Oliver Stoll stellv. Institutsdirektor Professor f\u00fcr Sportpsychologie &amp; Sportp\u00e4dagogik an der Martin-Luther-Universit\u00e4t Halle-Wittenberg Aufgabenfelder [&hellip;]<\/p>\n","protected":false},"author":2201,"featured_media":13,"parent":77,"menu_order":3,"comment_status":"open","ping_status":"open","template":"","meta":[],"yoast_head":"<!-- This site is optimized with the Yoast SEO plugin v15.6.2 - https:\/\/yoast.com\/wordpress\/plugins\/seo\/ -->\n<meta name=\"robots\" content=\"index, follow, max-snippet:-1, max-image-preview:large, max-video-preview:-1\" \/>\n<link rel=\"canonical\" href=\"https:\/\/ilug.uni-halle.de\/institut\/das-ilug-team\/\" \/>\n<meta property=\"og:locale\" content=\"en_US\" \/>\n<meta property=\"og:type\" content=\"article\" \/>\n<meta property=\"og:title\" content=\"Das ILUG Team - ilug\" \/>\n<meta property=\"og:description\" content=\"Prof. Dr. Kuno Hottenrott Institutsdirektor Professor f\u00fcr Trainingswissenschaft an der Martin-Luther-Universit\u00e4t Halle-Wittenberg Leiter des Arbeitsbereichs: Trainingswissenschaft &amp; Sportmedizin am Dept. Sportwissenschaft Aufgabenfelder Leistungsdiagnostik Trainingssteuerung &amp; Ern\u00e4hrungsberatung Forschung Fortbildung Gesundheitscoaching Kontakt Tel.: 0345\/ 55 244 33 kuno.hottenrott@sport.uni-halle.de &gt; zur Homepage Prof. Dr. Oliver Stoll stellv. Institutsdirektor Professor f\u00fcr Sportpsychologie &amp; Sportp\u00e4dagogik an der Martin-Luther-Universit\u00e4t Halle-Wittenberg Aufgabenfelder [&hellip;]\" \/>\n<meta property=\"og:url\" content=\"https:\/\/ilug.uni-halle.de\/institut\/das-ilug-team\/\" \/>\n<meta property=\"og:site_name\" content=\"ilug\" \/>\n<meta property=\"article:modified_time\" content=\"2024-12-08T10:31:44+00:00\" \/>\n<meta property=\"og:image\" content=\"https:\/\/ilug.uni-halle.de\/files\/2008\/04\/hottenrott.jpg\" \/>\n\t<meta property=\"og:image:width\" content=\"120\" \/>\n\t<meta property=\"og:image:height\" content=\"159\" \/>\n<meta name=\"twitter:label1\" content=\"Est. reading time\">\n\t<meta name=\"twitter:data1\" content=\"7 minutes\">\n<script type=\"application\/ld+json\" class=\"yoast-schema-graph\">{\"@context\":\"https:\/\/schema.org\",\"@graph\":[{\"@type\":\"WebSite\",\"@id\":\"http:\/\/ilug.uni-halle.de\/#website\",\"url\":\"http:\/\/ilug.uni-halle.de\/\",\"name\":\"ilug\",\"description\":\"Institut f\\u00fcr Leistungsdiagnostik und Gesundheitsf\\u00f6rderung e.V.\",\"potentialAction\":[{\"@type\":\"SearchAction\",\"target\":\"http:\/\/ilug.uni-halle.de\/?s={search_term_string}\",\"query-input\":\"required name=search_term_string\"}],\"inLanguage\":\"en-US\"},{\"@type\":\"ImageObject\",\"@id\":\"https:\/\/ilug.uni-halle.de\/institut\/das-ilug-team\/#primaryimage\",\"inLanguage\":\"en-US\",\"url\":\"https:\/\/ilug.uni-halle.de\/files\/2008\/04\/hottenrott.jpg\",\"width\":120,\"height\":159},{\"@type\":\"WebPage\",\"@id\":\"https:\/\/ilug.uni-halle.de\/institut\/das-ilug-team\/#webpage\",\"url\":\"https:\/\/ilug.uni-halle.de\/institut\/das-ilug-team\/\",\"name\":\"Das ILUG Team - ilug\",\"isPartOf\":{\"@id\":\"http:\/\/ilug.uni-halle.de\/#website\"},\"primaryImageOfPage\":{\"@id\":\"https:\/\/ilug.uni-halle.de\/institut\/das-ilug-team\/#primaryimage\"},\"datePublished\":\"2008-04-13T13:01:14+00:00\",\"dateModified\":\"2024-12-08T10:31:44+00:00\",\"inLanguage\":\"en-US\",\"potentialAction\":[{\"@type\":\"ReadAction\",\"target\":[\"https:\/\/ilug.uni-halle.de\/institut\/das-ilug-team\/\"]}]}]}<\/script>\n<!-- \/ Yoast SEO plugin. -->","_links":{"self":[{"href":"https:\/\/ilug.uni-halle.de\/en\/wp-json\/wp\/v2\/pages\/22"}],"collection":[{"href":"https:\/\/ilug.uni-halle.de\/en\/wp-json\/wp\/v2\/pages"}],"about":[{"href":"https:\/\/ilug.uni-halle.de\/en\/wp-json\/wp\/v2\/types\/page"}],"author":[{"embeddable":true,"href":"https:\/\/ilug.uni-halle.de\/en\/wp-json\/wp\/v2\/users\/2201"}],"replies":[{"embeddable":true,"href":"https:\/\/ilug.uni-halle.de\/en\/wp-json\/wp\/v2\/comments?post=22"}],"version-history":[{"count":10,"href":"https:\/\/ilug.uni-halle.de\/en\/wp-json\/wp\/v2\/pages\/22\/revisions"}],"predecessor-version":[{"id":3317,"href":"https:\/\/ilug.uni-halle.de\/en\/wp-json\/wp\/v2\/pages\/22\/revisions\/3317"}],"up":[{"embeddable":true,"href":"https:\/\/ilug.uni-halle.de\/en\/wp-json\/wp\/v2\/pages\/77"}],"wp:featuredmedia":[{"embeddable":true,"href":"https:\/\/ilug.uni-halle.de\/en\/wp-json\/wp\/v2\/media\/13"}],"wp:attachment":[{"href":"https:\/\/ilug.uni-halle.de\/en\/wp-json\/wp\/v2\/media?parent=22"}],"curies":[{"name":"wp","href":"https:\/\/api.w.org\/{rel}","templated":true}]}}