{"id":12,"date":"2008-04-12T23:41:36","date_gmt":"2008-04-12T21:41:36","guid":{"rendered":"http:\/\/www.ilug.uni-halle.de\/?page_id=12"},"modified":"2024-12-08T12:01:34","modified_gmt":"2024-12-08T10:01:34","slug":"kontakt-anfahrt","status":"publish","type":"page","link":"https:\/\/ilug.uni-halle.de\/en\/institut\/kontakt-anfahrt\/","title":{"rendered":"Kontakt \/ Anfahrt"},"content":{"rendered":"<p><\/p>\n<h1>Contact \/ How to reach us<\/h1>\n<p><img loading=\"lazy\" style=\"float: right\" title=\"Map zum ILUG\" src=\"\/Bilder\/Map_zum_ILUG.png\" alt=\"Anfahrtsskizze\" width=\"274\" height=\"238\" \/><\/p>\n<p><strong>Institut f\u00fcr Leistungsdiagnostik und Gesundheitsf\u00f6rderung e.V.<br \/>\nan der Martin-Luther-Universit\u00e4t Halle-Wittenberg<\/strong><\/p>\n<p>Weinbergweg 23<br \/>\n06120 Halle\/ Saale<\/p>\n<p>Telefon: 0345\/ 55 244 -33, -16; -35<br \/>\nMobil: 0151-14381460<\/p>\n<h3>Adress Lab<\/h3>\n<p><strong>Labor f\u00fcr die Leistungsdiagnostiken im Institut f\u00fcr Sportwissenschaft<\/strong><br \/>\nVon-Seckendorff-Platz 2<br \/>\n06120 Halle\/ Saale<br \/>\nTelefon 0345\/ 55 244 &#8211; 21, -35, -29<\/p>\n<h3>General<\/h3>\n<p><strong>Information<\/strong>:<br \/>\ninfo@ilug.de<\/p>\n<p><strong>Office<\/strong>:<br \/>\nMartin.moehle@sport.uni-halle.de<br \/>\nnamara.freitag@ilug.de<\/p>\n<p><strong>Website:<\/strong><br \/>\nTasks<\/p>\n<p><strong>Performance diagnostics<\/strong>:<br \/>\nProf. Dr. Kuno Hottenrott, Martin Moehle, Till Winkel<\/p>\n<p><strong>Health promotion<\/strong>:<br \/>\nMarco Spielau<\/p>\n<p><strong>Nutrition counselling<\/strong>:<br \/>\nMarco Spielau, Sarah Feichtinger<\/p>\n<p><strong>Advanced training<\/strong>:<br \/>\nProf. Dr. Kuno Hottenrott<\/p>","protected":false},"excerpt":{"rendered":"<p>Contact \/ How to reach us Institut f\u00fcr Leistungsdiagnostik und Gesundheitsf\u00f6rderung e.V. an der Martin-Luther-Universit\u00e4t Halle-Wittenberg Weinbergweg 23 06120 Halle\/ Saale Telefon: 0345\/ 55 244 -33, -16; -35 Mobil: 0151-14381460 Adress Lab Labor f\u00fcr die Leistungsdiagnostiken im Institut f\u00fcr Sportwissenschaft Von-Seckendorff-Platz 2 06120 Halle\/ Saale Telefon 0345\/ 55 244 &#8211; 21, -35, -29 General Information: [&hellip;]<\/p>\n","protected":false},"author":2201,"featured_media":10,"parent":77,"menu_order":9,"comment_status":"open","ping_status":"open","template":"","meta":[],"yoast_head":"<!-- This site is optimized with the Yoast SEO plugin v15.6.2 - https:\/\/yoast.com\/wordpress\/plugins\/seo\/ -->\n<meta name=\"robots\" content=\"index, follow, max-snippet:-1, max-image-preview:large, max-video-preview:-1\" \/>\n<link rel=\"canonical\" href=\"https:\/\/ilug.uni-halle.de\/institut\/kontakt-anfahrt\/\" \/>\n<meta property=\"og:locale\" content=\"en_US\" \/>\n<meta property=\"og:type\" content=\"article\" \/>\n<meta property=\"og:title\" content=\"[:de]Kontakt[:en]Kontakt \/ Anfahrt[:] - ilug\" \/>\n<meta property=\"og:description\" content=\"Contact \/ How to reach us Institut f\u00fcr Leistungsdiagnostik und Gesundheitsf\u00f6rderung e.V. an der Martin-Luther-Universit\u00e4t Halle-Wittenberg Weinbergweg 23 06120 Halle\/ Saale Telefon: 0345\/ 55 244 -33, -16; -35 Mobil: 0151-14381460 Adress Lab Labor f\u00fcr die Leistungsdiagnostiken im Institut f\u00fcr Sportwissenschaft Von-Seckendorff-Platz 2 06120 Halle\/ Saale Telefon 0345\/ 55 244 &#8211; 21, -35, -29 General Information: [&hellip;]\" \/>\n<meta property=\"og:url\" content=\"https:\/\/ilug.uni-halle.de\/institut\/kontakt-anfahrt\/\" \/>\n<meta property=\"og:site_name\" content=\"ilug\" \/>\n<meta property=\"article:modified_time\" content=\"2024-12-08T10:01:34+00:00\" \/>\n<meta property=\"og:image\" content=\"https:\/\/ilug.uni-halle.de\/files\/2008\/04\/Map_zum_ILUG.png\" \/>\n\t<meta property=\"og:image:width\" content=\"492\" \/>\n\t<meta property=\"og:image:height\" content=\"486\" \/>\n<meta name=\"twitter:label1\" content=\"Est. reading time\">\n\t<meta name=\"twitter:data1\" content=\"2 minutes\">\n<script type=\"application\/ld+json\" class=\"yoast-schema-graph\">{\"@context\":\"https:\/\/schema.org\",\"@graph\":[{\"@type\":\"WebSite\",\"@id\":\"http:\/\/ilug.uni-halle.de\/#website\",\"url\":\"http:\/\/ilug.uni-halle.de\/\",\"name\":\"ilug\",\"description\":\"Institut f\\u00fcr Leistungsdiagnostik und Gesundheitsf\\u00f6rderung e.V.\",\"potentialAction\":[{\"@type\":\"SearchAction\",\"target\":\"http:\/\/ilug.uni-halle.de\/?s={search_term_string}\",\"query-input\":\"required name=search_term_string\"}],\"inLanguage\":\"en-US\"},{\"@type\":\"ImageObject\",\"@id\":\"https:\/\/ilug.uni-halle.de\/institut\/kontakt-anfahrt\/#primaryimage\",\"inLanguage\":\"en-US\",\"url\":\"https:\/\/ilug.uni-halle.de\/files\/2008\/04\/Map_zum_ILUG.png\",\"width\":492,\"height\":486,\"caption\":\"Anfahrtsskizze\"},{\"@type\":\"WebPage\",\"@id\":\"https:\/\/ilug.uni-halle.de\/institut\/kontakt-anfahrt\/#webpage\",\"url\":\"https:\/\/ilug.uni-halle.de\/institut\/kontakt-anfahrt\/\",\"name\":\"[:de]Kontakt[:en]Kontakt \/ Anfahrt[:] - ilug\",\"isPartOf\":{\"@id\":\"http:\/\/ilug.uni-halle.de\/#website\"},\"primaryImageOfPage\":{\"@id\":\"https:\/\/ilug.uni-halle.de\/institut\/kontakt-anfahrt\/#primaryimage\"},\"datePublished\":\"2008-04-12T21:41:36+00:00\",\"dateModified\":\"2024-12-08T10:01:34+00:00\",\"inLanguage\":\"en-US\",\"potentialAction\":[{\"@type\":\"ReadAction\",\"target\":[\"https:\/\/ilug.uni-halle.de\/institut\/kontakt-anfahrt\/\"]}]}]}<\/script>\n<!-- \/ Yoast SEO plugin. -->","_links":{"self":[{"href":"https:\/\/ilug.uni-halle.de\/en\/wp-json\/wp\/v2\/pages\/12"}],"collection":[{"href":"https:\/\/ilug.uni-halle.de\/en\/wp-json\/wp\/v2\/pages"}],"about":[{"href":"https:\/\/ilug.uni-halle.de\/en\/wp-json\/wp\/v2\/types\/page"}],"author":[{"embeddable":true,"href":"https:\/\/ilug.uni-halle.de\/en\/wp-json\/wp\/v2\/users\/2201"}],"replies":[{"embeddable":true,"href":"https:\/\/ilug.uni-halle.de\/en\/wp-json\/wp\/v2\/comments?post=12"}],"version-history":[{"count":10,"href":"https:\/\/ilug.uni-halle.de\/en\/wp-json\/wp\/v2\/pages\/12\/revisions"}],"predecessor-version":[{"id":3301,"href":"https:\/\/ilug.uni-halle.de\/en\/wp-json\/wp\/v2\/pages\/12\/revisions\/3301"}],"up":[{"embeddable":true,"href":"https:\/\/ilug.uni-halle.de\/en\/wp-json\/wp\/v2\/pages\/77"}],"wp:featuredmedia":[{"embeddable":true,"href":"https:\/\/ilug.uni-halle.de\/en\/wp-json\/wp\/v2\/media\/10"}],"wp:attachment":[{"href":"https:\/\/ilug.uni-halle.de\/en\/wp-json\/wp\/v2\/media?parent=12"}],"curies":[{"name":"wp","href":"https:\/\/api.w.org\/{rel}","templated":true}]}}